{"id":1229,"date":"2013-10-01T14:30:15","date_gmt":"2013-10-01T12:30:15","guid":{"rendered":"http:\/\/www.apbb.de\/weblog\/?page_id=1229"},"modified":"2021-11-10T09:49:04","modified_gmt":"2021-11-10T08:49:04","slug":"memorandum","status":"publish","type":"page","link":"https:\/\/www.apbb.de\/weblog\/?page_id=1229","title":{"rendered":"Memorandum"},"content":{"rendered":"<h1>Leipziger Memorandum<\/h1>\n<p>Die Beh\u00f6rdenbibliothek im Zeitalter der elektronischen Bibliothek<\/p>\n<p><strong>Aus dem Vorwort<br \/>\n<\/strong>Ziel dieses Memorandums ist es, Aufgaben und Herausforderungen zu erl\u00e4utern, vor denen die \u00fcber 1000 Beh\u00f6rdenbibliotheken als Teil moderner Beh\u00f6rden in der Bundesrepublik Deutschland stehen. Beh\u00f6rdenbibliotheken unterscheiden\u00a0sich zwar in ihrer Gr\u00f6\u00dfe: sie umfassen ein Spektrum von einer kleinen Bibliothek,\u00a0wie z.B. einer Gerichtsbibliothek, die nur von ein oder zwei Bibliothekarinnen\/Bibliothekaren gef\u00fchrt wird bis hin zu gr\u00f6\u00dferen Bibliotheken mit arbeitsteiligen\u00a0Strukturen (z.B. Bibliothek des Deutschen Bundestages). Gemeinsam\u00a0ist ihnen jedoch die Funktion innerhalb ihrer Beh\u00f6rde.<\/p>\n<p>Diese Funktion wird beschrieben und das Verh\u00e4ltnis von gedruckter zu elektronischer Information wird analysiert. Die Aufgaben der Beh\u00f6rdenbibliothek bei professioneller Informationsvermittlung mittels Internet und im E-Government\u00a0werden dargestellt. Es wird aufgezeigt, wie Beh\u00f6rdenbibliotheken selbst ihre\u00a0Leistung durch Kooperation und Vernetzung st\u00e4rken und wie diese Leistung zur\u00a0Optimierung der Informationsversorgung der Beh\u00f6rden eingesetzt werden kann.<\/p>\n<p><strong>\u00a0Inhaltsverzeichnis\u00a0<\/strong><\/p>\n<ol>\n<li>Beh\u00f6rdenbibliotheken &#8211; Professionelle Informationsdienste f\u00fcr\u00a0Verwaltung, Rechtsprechung und Politik (S. 3)<\/li>\n<li>Sparen mit elektronischen Medien? (S. 6)<\/li>\n<li>Navigare necesse est \u2013 Informationsbeschaffung im Internet (S. 8)<\/li>\n<li>Daten, Informationen, Wissen im E-Government (S. 9)<\/li>\n<li>Von der bibliothekarischen Kooperation zur Vernetzung (S. 10)<\/li>\n<li>Aufgaben und Kompetenzen von Beh\u00f6rdenbibliotheken weiterentwickeln! (S. 12)<\/li>\n<\/ol>\n<p>Vollst\u00e4ndiges Dokument zum Herunterladen:<br \/>\n<a title=\"Leipziger Memorandum\" href=\"http:\/\/www.apbb.de\/memorandum_apbb.pdf\" target=\"_blank\" rel=\"noopener\">Deutsch (42 KB)<br \/>\n<\/a><a href=\"http:\/\/www.apbb.de\/memorandum_apbb engl.pdf\" target=\"_blank\" rel=\"noopener\">English<\/a><\/p>\n","protected":false},"excerpt":{"rendered":"<p>Leipziger Memorandum Die Beh\u00f6rdenbibliothek im Zeitalter der elektronischen Bibliothek Aus dem Vorwort Ziel dieses Memorandums ist es, Aufgaben und Herausforderungen zu erl\u00e4utern, vor denen die \u00fcber 1000 Beh\u00f6rdenbibliotheken als Teil moderner Beh\u00f6rden in der Bundesrepublik Deutschland stehen. Beh\u00f6rdenbibliotheken unterscheiden\u00a0sich zwar in ihrer Gr\u00f6\u00dfe: sie umfassen ein Spektrum von einer kleinen Bibliothek,\u00a0wie z.B. einer Gerichtsbibliothek, die nur von ein oder zwei Bibliothekarinnen\/Bibliothekaren gef\u00fchrt wird bis hin zu gr\u00f6\u00dferen Bibliotheken mit arbeitsteiligen\u00a0Strukturen (z.B. Bibliothek des Deutschen Bundestages). Gemeinsam\u00a0ist ihnen jedoch die Funktion innerhalb ihrer Beh\u00f6rde. Diese Funktion wird beschrieben und das Verh\u00e4ltnis von gedruckter zu elektronischer Information wird analysiert. Die Aufgaben der Beh\u00f6rdenbibliothek bei professioneller Informationsvermittlung mittels Internet und im E-Government\u00a0werden dargestellt. &hellip; <a href=\"https:\/\/www.apbb.de\/weblog\/?page_id=1229\">Weiterlesen <span class=\"meta-nav\">&rarr;<\/span><\/a><\/p>\n","protected":false},"author":1,"featured_media":0,"parent":51,"menu_order":4,"comment_status":"closed","ping_status":"closed","template":"","meta":{"footnotes":""},"class_list":["post-1229","page","type-page","status-publish","hentry"],"_links":{"self":[{"href":"https:\/\/www.apbb.de\/weblog\/index.php?rest_route=\/wp\/v2\/pages\/1229","targetHints":{"allow":["GET"]}}],"collection":[{"href":"https:\/\/www.apbb.de\/weblog\/index.php?rest_route=\/wp\/v2\/pages"}],"about":[{"href":"https:\/\/www.apbb.de\/weblog\/index.php?rest_route=\/wp\/v2\/types\/page"}],"author":[{"embeddable":true,"href":"https:\/\/www.apbb.de\/weblog\/index.php?rest_route=\/wp\/v2\/users\/1"}],"replies":[{"embeddable":true,"href":"https:\/\/www.apbb.de\/weblog\/index.php?rest_route=%2Fwp%2Fv2%2Fcomments&post=1229"}],"version-history":[{"count":4,"href":"https:\/\/www.apbb.de\/weblog\/index.php?rest_route=\/wp\/v2\/pages\/1229\/revisions"}],"predecessor-version":[{"id":3183,"href":"https:\/\/www.apbb.de\/weblog\/index.php?rest_route=\/wp\/v2\/pages\/1229\/revisions\/3183"}],"up":[{"embeddable":true,"href":"https:\/\/www.apbb.de\/weblog\/index.php?rest_route=\/wp\/v2\/pages\/51"}],"wp:attachment":[{"href":"https:\/\/www.apbb.de\/weblog\/index.php?rest_route=%2Fwp%2Fv2%2Fmedia&parent=1229"}],"curies":[{"name":"wp","href":"https:\/\/api.w.org\/{rel}","templated":true}]}}