{"id":1967,"date":"2016-03-31T13:58:44","date_gmt":"2016-03-31T11:58:44","guid":{"rendered":"http:\/\/www.apbb.de\/weblog\/?page_id=1967"},"modified":"2024-06-19T16:02:23","modified_gmt":"2024-06-19T15:02:23","slug":"kontakt","status":"publish","type":"page","link":"https:\/\/www.apbb.de\/weblog\/?page_id=1967","title":{"rendered":"Kontakt"},"content":{"rendered":"\n<p>Die <strong>Vorstandsvorsitzende <\/strong>der APBB Frau Hildegard Hansing erreichen Sie unter:<br \/><a href=\"mailto:vorstandsvorsitzende@apbb.de\">vorstandsvorsitzende@apbb.de<\/a><\/p>\n\n\n\n<hr class=\"wp-block-separator has-alpha-channel-opacity is-style-wide\"\/>\n\n\n\n<p>Anfragen zur <strong>Mitgliedschaft<\/strong> in der APBB und zu \u00c4nderungen Ihrer Daten senden Sie bitte an:<br \/><a href=\"mailto:mitglieder@apbb.de\">mitglieder@apbb.de<\/a> <\/p>\n\n\n\n<hr class=\"wp-block-separator has-alpha-channel-opacity is-style-wide\"\/>\n\n\n\n<p>Fragen zu <strong>Rechnungen<\/strong> der APBB richten Sie bitte an:<br \/><a href=\"mailto:rechnung@apbb.de\">rechnung@apbb.de <\/a><\/p>\n\n\n\n<hr class=\"wp-block-separator has-alpha-channel-opacity is-style-wide\"\/>\n\n\n\n<p>M\u00f6chten Sie ein <strong>Stellenangebot<\/strong> aus dem Bereich der Parlaments- und Beh\u00f6rdenbibliotheken ver\u00f6ffentlichen, wenden Sie sich bitte an:<br \/><a href=\"mailto:stellenanzeigen@apbb.de\">stellenanzeigen@apbb.de<\/a><\/p>\n\n\n\n<hr class=\"wp-block-separator has-alpha-channel-opacity is-style-wide\"\/>\n\n\n\n<p>Anregungen und Fragen zu <strong>Fortbildungen<\/strong> der APBB richten Sie bitte an: <br \/><a href=\"mailto:fortbildung@apbb.de\">fortbildung@apbb.de<\/a><\/p>\n\n\n\n<hr class=\"wp-block-separator has-alpha-channel-opacity is-style-wide\"\/>\n\n\n\n<p>Ihre Beitr\u00e4ge f\u00fcr <strong>APBB aktuell<\/strong> senden Sie bitte an: <br \/><a href=\"mailto:redaktion@apbb.de\">redaktion@apbb.de<\/a><br \/> <\/p>\n","protected":false},"excerpt":{"rendered":"<p>Die Vorstandsvorsitzende der APBB Frau Hildegard Hansing erreichen Sie unter:vorstandsvorsitzende@apbb.de Anfragen zur Mitgliedschaft in der APBB und zu \u00c4nderungen Ihrer Daten senden Sie bitte an:mitglieder@apbb.de Fragen zu Rechnungen der APBB richten Sie bitte an:rechnung@apbb.de M\u00f6chten Sie ein Stellenangebot aus dem Bereich der Parlaments- und Beh\u00f6rdenbibliotheken ver\u00f6ffentlichen, wenden Sie sich bitte an:stellenanzeigen@apbb.de Anregungen und Fragen zu Fortbildungen der APBB richten Sie bitte an: fortbildung@apbb.de Ihre Beitr\u00e4ge f\u00fcr APBB aktuell senden Sie bitte an: redaktion@apbb.de<\/p>\n","protected":false},"author":1,"featured_media":0,"parent":0,"menu_order":6,"comment_status":"closed","ping_status":"closed","template":"","meta":{"footnotes":""},"class_list":["post-1967","page","type-page","status-publish","hentry"],"_links":{"self":[{"href":"https:\/\/www.apbb.de\/weblog\/index.php?rest_route=\/wp\/v2\/pages\/1967","targetHints":{"allow":["GET"]}}],"collection":[{"href":"https:\/\/www.apbb.de\/weblog\/index.php?rest_route=\/wp\/v2\/pages"}],"about":[{"href":"https:\/\/www.apbb.de\/weblog\/index.php?rest_route=\/wp\/v2\/types\/page"}],"author":[{"embeddable":true,"href":"https:\/\/www.apbb.de\/weblog\/index.php?rest_route=\/wp\/v2\/users\/1"}],"replies":[{"embeddable":true,"href":"https:\/\/www.apbb.de\/weblog\/index.php?rest_route=%2Fwp%2Fv2%2Fcomments&post=1967"}],"version-history":[{"count":31,"href":"https:\/\/www.apbb.de\/weblog\/index.php?rest_route=\/wp\/v2\/pages\/1967\/revisions"}],"predecessor-version":[{"id":4491,"href":"https:\/\/www.apbb.de\/weblog\/index.php?rest_route=\/wp\/v2\/pages\/1967\/revisions\/4491"}],"wp:attachment":[{"href":"https:\/\/www.apbb.de\/weblog\/index.php?rest_route=%2Fwp%2Fv2%2Fmedia&parent=1967"}],"curies":[{"name":"wp","href":"https:\/\/api.w.org\/{rel}","templated":true}]}}