{"id":3622,"date":"2023-06-06T10:17:10","date_gmt":"2023-06-06T09:17:10","guid":{"rendered":"http:\/\/www.apbb.de\/weblog\/?page_id=3622"},"modified":"2023-06-06T13:05:29","modified_gmt":"2023-06-06T12:05:29","slug":"mitglieder","status":"publish","type":"page","link":"https:\/\/www.apbb.de\/weblog\/?page_id=3622","title":{"rendered":"Mitglieder"},"content":{"rendered":"\n<p>Die nur f\u00fcr <a href=\"https:\/\/www.apbb.de\/weblog\/?page_id=79\">APBB-Mitglieder zug\u00e4ngliche Seite<\/a> enth\u00e4lt u.a. jeweils das aktuelle Heft von <strong>APBB aktuell <\/strong>und die Protokolle der Mitgliederversammlungen.<\/p>\n\n\n\n<p>(Falls Sie Ihr Passwort vergessen haben, verwenden Sie bitte diesen Link<br \/>\u201e<a href=\"mailto:mitglieder@apbb.de?subject=Passwort vergessen. Mitgliedsnummer:\">Passwort vergessen<\/a>\u201c und erg\u00e4nzen Ihre Mitgliedsnummer im Betreff. Die Mitgliedsnummer finden u. a. auf den Rechnungen.)<\/p>\n","protected":false},"excerpt":{"rendered":"<p>Die nur f\u00fcr APBB-Mitglieder zug\u00e4ngliche Seite enth\u00e4lt u.a. jeweils das aktuelle Heft von APBB aktuell und die Protokolle der Mitgliederversammlungen. (Falls Sie Ihr Passwort vergessen haben, verwenden Sie bitte diesen Link\u201ePasswort vergessen\u201c und erg\u00e4nzen Ihre Mitgliedsnummer im Betreff. Die Mitgliedsnummer finden u. a. auf den Rechnungen.)<\/p>\n","protected":false},"author":20,"featured_media":0,"parent":220,"menu_order":0,"comment_status":"closed","ping_status":"closed","template":"","meta":{"footnotes":""},"class_list":["post-3622","page","type-page","status-publish","hentry"],"_links":{"self":[{"href":"https:\/\/www.apbb.de\/weblog\/index.php?rest_route=\/wp\/v2\/pages\/3622","targetHints":{"allow":["GET"]}}],"collection":[{"href":"https:\/\/www.apbb.de\/weblog\/index.php?rest_route=\/wp\/v2\/pages"}],"about":[{"href":"https:\/\/www.apbb.de\/weblog\/index.php?rest_route=\/wp\/v2\/types\/page"}],"author":[{"embeddable":true,"href":"https:\/\/www.apbb.de\/weblog\/index.php?rest_route=\/wp\/v2\/users\/20"}],"replies":[{"embeddable":true,"href":"https:\/\/www.apbb.de\/weblog\/index.php?rest_route=%2Fwp%2Fv2%2Fcomments&post=3622"}],"version-history":[{"count":3,"href":"https:\/\/www.apbb.de\/weblog\/index.php?rest_route=\/wp\/v2\/pages\/3622\/revisions"}],"predecessor-version":[{"id":3655,"href":"https:\/\/www.apbb.de\/weblog\/index.php?rest_route=\/wp\/v2\/pages\/3622\/revisions\/3655"}],"up":[{"embeddable":true,"href":"https:\/\/www.apbb.de\/weblog\/index.php?rest_route=\/wp\/v2\/pages\/220"}],"wp:attachment":[{"href":"https:\/\/www.apbb.de\/weblog\/index.php?rest_route=%2Fwp%2Fv2%2Fmedia&parent=3622"}],"curies":[{"name":"wp","href":"https:\/\/api.w.org\/{rel}","templated":true}]}}