{"id":42,"date":"2011-06-28T16:34:56","date_gmt":"2011-06-28T15:34:56","guid":{"rendered":"http:\/\/apbbbib.wordpress.com\/?page_id=42"},"modified":"2023-11-05T12:10:07","modified_gmt":"2023-11-05T11:10:07","slug":"portrat","status":"publish","type":"page","link":"https:\/\/www.apbb.de\/weblog\/?page_id=42","title":{"rendered":"Portr\u00e4t"},"content":{"rendered":"\n<p>Die APBB wurde im Jahre 1955 zun\u00e4chst als Kommission der Parlaments- und Beh\u00f6rdenbibliotheken beim Verein Deutscher Bibliothekare (VDB) gegr\u00fcndet und arbeitet seit 1957 als eigenst\u00e4ndige Organisation unter ihrem heutigen Namen.<\/p>\n\n\n\n<p><span class=\"Apple-style-span\" style=\"color: #000000; font-weight: bold;\">Aufgaben<\/span><\/p>\n\n\n\n<p>Die APBB ist eine Interessenvertretung von parlaments- und beh\u00f6rdeneigenen Bibliotheken und Dokumentationsstellen und versucht, durch enge Zusammenarbeit und Beratung in fachlichen und beruflichen Fragen die Leistungsf\u00e4higkeit ihrer Mitgliedsbibliotheken zu verbessern.<\/p>\n\n\n\n<h2 class=\"wp-block-heading\">Mitgliedsbibliotheken<\/h2>\n\n\n\n<p>In der der APBB sind zur Zeit etwa 260 Mitgliedsbibliotheken unterschiedlichster Gr\u00f6\u00dfe, Struktur und Aufgabenstellung vertreten. Zu diesen Bibliotheken geh\u00f6ren u.a.:<\/p>\n\n\n\n<ul class=\"wp-block-list\">\n<li>Parlaments-, Ministerial- und Gerichtsbibliotheken<\/li>\n\n\n\n<li>Beh\u00f6rdenbibliotheken des Bundes, der L\u00e4nder und der Gemeinden<\/li>\n\n\n\n<li>Bibliotheken der Anstalten des Bundes und der L\u00e4nder<\/li>\n\n\n\n<li>Bibliotheken von K\u00f6rperschaften (z.B. Industrie- und Handelskammern)<\/li>\n\n\n\n<li>Bibliotheken kirchlicher Institutionen.<\/li>\n<\/ul>\n\n\n\n<h2 class=\"wp-block-heading\">Tagungen<\/h2>\n\n\n\n<p>Die APBB veranstaltet Tagungen im Rahmen der j\u00e4hrlichen stattfindenden BiblioCon (fr\u00fcher Deutscher Bibliothekartag). Dort werden auch die j\u00e4hrlichen Mitgliederversammlungen abgehalten. Einen weiteren Schwerpunkt bilden Fortbildungsveranstaltungen zu Themen, die besonders auf die Bed\u00fcrfnisse unserer Mitgliedsbibliotheken zugeschnitten sind. Aktuelle Themen sind u.a.: Organisations- und Managementfragen, Datenbank- und Internet-Recherchen, One-Person Libraries (OPL) etc.<\/p>\n\n\n\n<h2 class=\"wp-block-heading\">Kontakte<\/h2>\n\n\n\n<p>Es werden Verbindungen zu bibliothekarischen Fachverb\u00e4nden und sonstigen Institutionen und allen Dienststellen des Bundes, der L\u00e4nder, der Gemeinden und K\u00f6rperschaften des \u00f6ffentlichen Rechts gepflegt. Besonders eng arbeitet die APBB mit der AjBD zusammen.<\/p>\n\n\n\n<p><strong>Mitgliedschaft<\/strong><\/p>\n\n\n\n<p>Mitglieder der APBB entrichten einen j\u00e4hrlichen Mitgliedsbeitrag, der durch die Bezahlung des Abonnements von &#8222;APBB aktuell&#8220; abgegolten wird. Die Kosten betragen j\u00e4hrlich 16,50 EURO. Haben Sie Interesse an der Mitgliedschaft in der APBB, wenden Sie sich gerne an <a href=\"mailto:mitglieder@apbb.de\">mitglieder@apbb.de<\/a>. <\/p>\n","protected":false},"excerpt":{"rendered":"<p>Die APBB wurde im Jahre 1955 zun\u00e4chst als Kommission der Parlaments- und Beh\u00f6rdenbibliotheken beim Verein Deutscher Bibliothekare (VDB) gegr\u00fcndet und arbeitet seit 1957 als eigenst\u00e4ndige Organisation unter ihrem heutigen Namen. Aufgaben Die APBB ist eine Interessenvertretung von parlaments- und beh\u00f6rdeneigenen Bibliotheken und Dokumentationsstellen und versucht, durch enge Zusammenarbeit und Beratung in fachlichen und beruflichen Fragen die Leistungsf\u00e4higkeit ihrer Mitgliedsbibliotheken zu verbessern. Mitgliedsbibliotheken In der der APBB sind zur Zeit etwa 260 Mitgliedsbibliotheken unterschiedlichster Gr\u00f6\u00dfe, Struktur und Aufgabenstellung vertreten. Zu diesen Bibliotheken geh\u00f6ren u.a.: Tagungen Die APBB veranstaltet Tagungen im Rahmen der j\u00e4hrlichen stattfindenden BiblioCon (fr\u00fcher Deutscher Bibliothekartag). Dort werden auch die j\u00e4hrlichen Mitgliederversammlungen abgehalten. Einen weiteren Schwerpunkt bilden Fortbildungsveranstaltungen zu &hellip; <a href=\"https:\/\/www.apbb.de\/weblog\/?page_id=42\">Weiterlesen <span class=\"meta-nav\">&rarr;<\/span><\/a><\/p>\n","protected":false},"author":3,"featured_media":0,"parent":14,"menu_order":0,"comment_status":"closed","ping_status":"closed","template":"sidebar-page.php","meta":{"footnotes":""},"class_list":["post-42","page","type-page","status-publish","hentry"],"_links":{"self":[{"href":"https:\/\/www.apbb.de\/weblog\/index.php?rest_route=\/wp\/v2\/pages\/42","targetHints":{"allow":["GET"]}}],"collection":[{"href":"https:\/\/www.apbb.de\/weblog\/index.php?rest_route=\/wp\/v2\/pages"}],"about":[{"href":"https:\/\/www.apbb.de\/weblog\/index.php?rest_route=\/wp\/v2\/types\/page"}],"author":[{"embeddable":true,"href":"https:\/\/www.apbb.de\/weblog\/index.php?rest_route=\/wp\/v2\/users\/3"}],"replies":[{"embeddable":true,"href":"https:\/\/www.apbb.de\/weblog\/index.php?rest_route=%2Fwp%2Fv2%2Fcomments&post=42"}],"version-history":[{"count":5,"href":"https:\/\/www.apbb.de\/weblog\/index.php?rest_route=\/wp\/v2\/pages\/42\/revisions"}],"predecessor-version":[{"id":4007,"href":"https:\/\/www.apbb.de\/weblog\/index.php?rest_route=\/wp\/v2\/pages\/42\/revisions\/4007"}],"up":[{"embeddable":true,"href":"https:\/\/www.apbb.de\/weblog\/index.php?rest_route=\/wp\/v2\/pages\/14"}],"wp:attachment":[{"href":"https:\/\/www.apbb.de\/weblog\/index.php?rest_route=%2Fwp%2Fv2%2Fmedia&parent=42"}],"curies":[{"name":"wp","href":"https:\/\/api.w.org\/{rel}","templated":true}]}}