{"id":47,"date":"2011-06-28T16:50:07","date_gmt":"2011-06-28T15:50:07","guid":{"rendered":"http:\/\/apbbbib.wordpress.com\/?page_id=47"},"modified":"2021-12-16T08:53:29","modified_gmt":"2021-12-16T07:53:29","slug":"veranstaltungen","status":"publish","type":"page","link":"https:\/\/www.apbb.de\/weblog\/?page_id=47","title":{"rendered":"Termine"},"content":{"rendered":"<ul>\n<li><a href=\"https:\/\/www.apbb.de\/weblog\/?page_id=127\">Fortbildungen<\/a><br \/>\nAktuell angebotene Fortbildungen, die von der APBB veranstaltet werden<\/li>\n<li><a href=\"https:\/\/www.apbb.de\/weblog\/?page_id=819\">Archiv der Fortbildungen<\/a><br \/>\n\u00dcbersicht \u00fcber fr\u00fchere Fortbildungen der APBB<\/li>\n<li><a href=\"https:\/\/www.apbb.de\/weblog\/?page_id=131\">Tagungen<\/a><br \/>\nInformationen zu Veranstaltungen der APPB im Rahmen von Bibliothektartagen und -kongressen<\/li>\n<\/ul>\n","protected":false},"excerpt":{"rendered":"<p>Fortbildungen Aktuell angebotene Fortbildungen, die von der APBB veranstaltet werden Archiv der Fortbildungen \u00dcbersicht \u00fcber fr\u00fchere Fortbildungen der APBB Tagungen Informationen zu Veranstaltungen der APPB im Rahmen von Bibliothektartagen und -kongressen<\/p>\n","protected":false},"author":3,"featured_media":0,"parent":0,"menu_order":0,"comment_status":"closed","ping_status":"closed","template":"sidebar-page.php","meta":{"footnotes":""},"class_list":["post-47","page","type-page","status-publish","hentry"],"_links":{"self":[{"href":"https:\/\/www.apbb.de\/weblog\/index.php?rest_route=\/wp\/v2\/pages\/47","targetHints":{"allow":["GET"]}}],"collection":[{"href":"https:\/\/www.apbb.de\/weblog\/index.php?rest_route=\/wp\/v2\/pages"}],"about":[{"href":"https:\/\/www.apbb.de\/weblog\/index.php?rest_route=\/wp\/v2\/types\/page"}],"author":[{"embeddable":true,"href":"https:\/\/www.apbb.de\/weblog\/index.php?rest_route=\/wp\/v2\/users\/3"}],"replies":[{"embeddable":true,"href":"https:\/\/www.apbb.de\/weblog\/index.php?rest_route=%2Fwp%2Fv2%2Fcomments&post=47"}],"version-history":[{"count":6,"href":"https:\/\/www.apbb.de\/weblog\/index.php?rest_route=\/wp\/v2\/pages\/47\/revisions"}],"predecessor-version":[{"id":3213,"href":"https:\/\/www.apbb.de\/weblog\/index.php?rest_route=\/wp\/v2\/pages\/47\/revisions\/3213"}],"wp:attachment":[{"href":"https:\/\/www.apbb.de\/weblog\/index.php?rest_route=%2Fwp%2Fv2%2Fmedia&parent=47"}],"curies":[{"name":"wp","href":"https:\/\/api.w.org\/{rel}","templated":true}]}}