{"id":51,"date":"2011-06-28T16:56:49","date_gmt":"2011-06-28T15:56:49","guid":{"rendered":"http:\/\/apbbbib.wordpress.com\/?page_id=51"},"modified":"2021-11-10T09:58:26","modified_gmt":"2021-11-10T08:58:26","slug":"publikationen","status":"publish","type":"page","link":"https:\/\/www.apbb.de\/weblog\/?page_id=51","title":{"rendered":"Publikationen"},"content":{"rendered":"<ul>\n<li><a href=\"https:\/\/www.apbb.de\/weblog\/?page_id=1090\">APBB aktuell<\/a><br \/>\nSeit 2013 sind die Arbeitshefte und die Mitteilungen zu der ausschlie\u00dflich online erscheinenden Publikation \u201eAPBB aktuell\u201c verschmolzen.<\/li>\n<li><a href=\"https:\/\/www.apbb.de\/weblog\/?page_id=53\">Arbeitshefte<\/a><br \/>\nVon 1958 bis 2012 erschienene Schriftenreihe, deren Hefte sich jeweils ausf\u00fchrlich mit einem f\u00fcr Parlaments- und Beh\u00f6rdenbibliotheken relevanten Thema befasst haben.<\/li>\n<li><a href=\"https:\/\/www.apbb.de\/weblog\/?page_id=57\">Mitteilungen<\/a><br \/>\nVon 1958 bis 2012 erschienene Mitgliedergliederzeitschrift<\/li>\n<li><a href=\"https:\/\/www.apbb.de\/weblog\/?page_id=1229\">Leipziger Memorandum<\/a><br \/>\nErl\u00e4uterung der Aufgaben, Funktionen und Herausforderungen f\u00fcr Parlaments- und Beh\u00f6rdenbibliotheken.<\/li>\n<\/ul>\n","protected":false},"excerpt":{"rendered":"<p>APBB aktuell Seit 2013 sind die Arbeitshefte und die Mitteilungen zu der ausschlie\u00dflich online erscheinenden Publikation \u201eAPBB aktuell\u201c verschmolzen. Arbeitshefte Von 1958 bis 2012 erschienene Schriftenreihe, deren Hefte sich jeweils ausf\u00fchrlich mit einem f\u00fcr Parlaments- und Beh\u00f6rdenbibliotheken relevanten Thema befasst haben. Mitteilungen Von 1958 bis 2012 erschienene Mitgliedergliederzeitschrift Leipziger Memorandum Erl\u00e4uterung der Aufgaben, Funktionen und Herausforderungen f\u00fcr Parlaments- und Beh\u00f6rdenbibliotheken.<\/p>\n","protected":false},"author":3,"featured_media":0,"parent":0,"menu_order":0,"comment_status":"closed","ping_status":"closed","template":"","meta":{"footnotes":""},"class_list":["post-51","page","type-page","status-publish","hentry"],"_links":{"self":[{"href":"https:\/\/www.apbb.de\/weblog\/index.php?rest_route=\/wp\/v2\/pages\/51","targetHints":{"allow":["GET"]}}],"collection":[{"href":"https:\/\/www.apbb.de\/weblog\/index.php?rest_route=\/wp\/v2\/pages"}],"about":[{"href":"https:\/\/www.apbb.de\/weblog\/index.php?rest_route=\/wp\/v2\/types\/page"}],"author":[{"embeddable":true,"href":"https:\/\/www.apbb.de\/weblog\/index.php?rest_route=\/wp\/v2\/users\/3"}],"replies":[{"embeddable":true,"href":"https:\/\/www.apbb.de\/weblog\/index.php?rest_route=%2Fwp%2Fv2%2Fcomments&post=51"}],"version-history":[{"count":2,"href":"https:\/\/www.apbb.de\/weblog\/index.php?rest_route=\/wp\/v2\/pages\/51\/revisions"}],"predecessor-version":[{"id":3184,"href":"https:\/\/www.apbb.de\/weblog\/index.php?rest_route=\/wp\/v2\/pages\/51\/revisions\/3184"}],"wp:attachment":[{"href":"https:\/\/www.apbb.de\/weblog\/index.php?rest_route=%2Fwp%2Fv2%2Fmedia&parent=51"}],"curies":[{"name":"wp","href":"https:\/\/api.w.org\/{rel}","templated":true}]}}